{"id":4,"date":"2024-02-19T18:26:25","date_gmt":"2024-02-19T15:26:25","guid":{"rendered":"https:\/\/gebzemercedesservisi.com.tr\/?page_id=4"},"modified":"2024-02-22T14:58:36","modified_gmt":"2024-02-22T11:58:36","slug":"gebze-mercedes-servisi","status":"publish","type":"page","link":"https:\/\/www.gebzevolkswagenservisi.com\/","title":{"rendered":"Gebze Mercedes Servisi"},"content":{"rendered":"","protected":false},"excerpt":{"rendered":"","protected":false},"author":1,"featured_media":0,"parent":0,"menu_order":0,"comment_status":"closed","ping_status":"closed","template":"","meta":{"footnotes":""},"yoast_head":"<!-- This site is optimized with the Yoast SEO Premium plugin v21.4 (Yoast SEO v22.0) - https:\/\/yoast.com\/wordpress\/plugins\/seo\/ -->\r\n<title>Gebze Mercedes Servisi | +90 (532) 685 95 54<\/title>\r\n<meta name=\"description\" content=\"Gebze Oto Sanayisinde bulunan Be\u015fay Motorlu Ara\u00e7lar Mercedes \u00f6zel servisi profesyonel \u00e7al\u0131\u015fanlar\u0131 ile sizlere hizmet vermektedir.\" \/>\r\n<meta name=\"robots\" content=\"index, follow, max-snippet:-1, max-image-preview:large, max-video-preview:-1\" \/>\r\n<link rel=\"canonical\" href=\"https:\/\/www.gebzemercedesservisi.com.tr\/\" \/>\r\n<meta property=\"og:locale\" content=\"tr_TR\" \/>\r\n<meta property=\"og:type\" content=\"article\" \/>\r\n<meta property=\"og:title\" content=\"Gebze Mercedes Servisi\" \/>\r\n<meta property=\"og:description\" content=\"Gebze Oto Sanayisinde bulunan Be\u015fay Motorlu Ara\u00e7lar Mercedes \u00f6zel servisi profesyonel \u00e7al\u0131\u015fanlar\u0131 ile sizlere hizmet vermektedir.\" \/>\r\n<meta property=\"og:url\" content=\"https:\/\/www.gebzemercedesservisi.com.tr\/\" \/>\r\n<meta property=\"og:site_name\" content=\"Gebze - Volkswagen Servis\" \/>\r\n<meta property=\"article:modified_time\" content=\"2024-02-22T11:58:36+00:00\" \/>\r\n<meta name=\"twitter:card\" content=\"summary_large_image\" \/>\r\n<script type=\"application\/ld+json\" class=\"yoast-schema-graph\">{\"@context\":\"https:\/\/schema.org\",\"@graph\":[{\"@type\":\"WebPage\",\"@id\":\"https:\/\/www.gebzemercedesservisi.com.tr\/\",\"url\":\"https:\/\/www.gebzemercedesservisi.com.tr\/\",\"name\":\"Gebze Mercedes Servisi | +90 (532) 685 95 54\",\"isPartOf\":{\"@id\":\"https:\/\/www.gebzevolkswagenservisi.com\/#website\"},\"datePublished\":\"2024-02-19T15:26:25+00:00\",\"dateModified\":\"2024-02-22T11:58:36+00:00\",\"description\":\"Gebze Oto Sanayisinde bulunan Be\u015fay Motorlu Ara\u00e7lar Mercedes \u00f6zel servisi profesyonel \u00e7al\u0131\u015fanlar\u0131 ile sizlere hizmet vermektedir.\",\"breadcrumb\":{\"@id\":\"https:\/\/www.gebzemercedesservisi.com.tr\/#breadcrumb\"},\"inLanguage\":\"tr\",\"potentialAction\":[{\"@type\":\"ReadAction\",\"target\":[\"https:\/\/www.gebzemercedesservisi.com.tr\/\"]}]},{\"@type\":\"BreadcrumbList\",\"@id\":\"https:\/\/www.gebzemercedesservisi.com.tr\/#breadcrumb\",\"itemListElement\":[{\"@type\":\"ListItem\",\"position\":1,\"name\":\"Anasayfa\",\"item\":\"https:\/\/www.gebzemercedesservisi.com.tr\/\"},{\"@type\":\"ListItem\",\"position\":2,\"name\":\"Gebze Mercedes Servisi\"}]},{\"@type\":\"WebSite\",\"@id\":\"https:\/\/www.gebzevolkswagenservisi.com\/#website\",\"url\":\"https:\/\/www.gebzevolkswagenservisi.com\/\",\"name\":\"Gebze - Volkswagen Servis\",\"description\":\"Gebze, Volkswagen, Servisi, Gebze Volkswagen Servisi, En Yak\u0131n Volkswagen Servisi\",\"potentialAction\":[{\"@type\":\"SearchAction\",\"target\":{\"@type\":\"EntryPoint\",\"urlTemplate\":\"https:\/\/www.gebzevolkswagenservisi.com\/?s={search_term_string}\"},\"query-input\":\"required name=search_term_string\"}],\"inLanguage\":\"tr\"}]}<\/script>\r\n<!-- \/ Yoast SEO Premium plugin. -->","yoast_head_json":{"title":"Gebze Mercedes Servisi | +90 (532) 685 95 54","description":"Gebze Oto Sanayisinde bulunan Be\u015fay Motorlu Ara\u00e7lar Mercedes \u00f6zel servisi profesyonel \u00e7al\u0131\u015fanlar\u0131 ile sizlere hizmet vermektedir.","robots":{"index":"index","follow":"follow","max-snippet":"max-snippet:-1","max-image-preview":"max-image-preview:large","max-video-preview":"max-video-preview:-1"},"canonical":"https:\/\/www.gebzemercedesservisi.com.tr\/","og_locale":"tr_TR","og_type":"article","og_title":"Gebze Mercedes Servisi","og_description":"Gebze Oto Sanayisinde bulunan Be\u015fay Motorlu Ara\u00e7lar Mercedes \u00f6zel servisi profesyonel \u00e7al\u0131\u015fanlar\u0131 ile sizlere hizmet vermektedir.","og_url":"https:\/\/www.gebzemercedesservisi.com.tr\/","og_site_name":"Gebze - Volkswagen Servis","article_modified_time":"2024-02-22T11:58:36+00:00","twitter_card":"summary_large_image","schema":{"@context":"https:\/\/schema.org","@graph":[{"@type":"WebPage","@id":"https:\/\/www.gebzemercedesservisi.com.tr\/","url":"https:\/\/www.gebzemercedesservisi.com.tr\/","name":"Gebze Mercedes Servisi | +90 (532) 685 95 54","isPartOf":{"@id":"https:\/\/www.gebzevolkswagenservisi.com\/#website"},"datePublished":"2024-02-19T15:26:25+00:00","dateModified":"2024-02-22T11:58:36+00:00","description":"Gebze Oto Sanayisinde bulunan Be\u015fay Motorlu Ara\u00e7lar Mercedes \u00f6zel servisi profesyonel \u00e7al\u0131\u015fanlar\u0131 ile sizlere hizmet vermektedir.","breadcrumb":{"@id":"https:\/\/www.gebzemercedesservisi.com.tr\/#breadcrumb"},"inLanguage":"tr","potentialAction":[{"@type":"ReadAction","target":["https:\/\/www.gebzemercedesservisi.com.tr\/"]}]},{"@type":"BreadcrumbList","@id":"https:\/\/www.gebzemercedesservisi.com.tr\/#breadcrumb","itemListElement":[{"@type":"ListItem","position":1,"name":"Anasayfa","item":"https:\/\/www.gebzemercedesservisi.com.tr\/"},{"@type":"ListItem","position":2,"name":"Gebze Mercedes Servisi"}]},{"@type":"WebSite","@id":"https:\/\/www.gebzevolkswagenservisi.com\/#website","url":"https:\/\/www.gebzevolkswagenservisi.com\/","name":"Gebze - Volkswagen Servis","description":"Gebze, Volkswagen, Servisi, Gebze Volkswagen Servisi, En Yak\u0131n Volkswagen Servisi","potentialAction":[{"@type":"SearchAction","target":{"@type":"EntryPoint","urlTemplate":"https:\/\/www.gebzevolkswagenservisi.com\/?s={search_term_string}"},"query-input":"required name=search_term_string"}],"inLanguage":"tr"}]}},"_links":{"self":[{"href":"https:\/\/www.gebzevolkswagenservisi.com\/index.php\/wp-json\/wp\/v2\/pages\/4"}],"collection":[{"href":"https:\/\/www.gebzevolkswagenservisi.com\/index.php\/wp-json\/wp\/v2\/pages"}],"about":[{"href":"https:\/\/www.gebzevolkswagenservisi.com\/index.php\/wp-json\/wp\/v2\/types\/page"}],"author":[{"embeddable":true,"href":"https:\/\/www.gebzevolkswagenservisi.com\/index.php\/wp-json\/wp\/v2\/users\/1"}],"replies":[{"embeddable":true,"href":"https:\/\/www.gebzevolkswagenservisi.com\/index.php\/wp-json\/wp\/v2\/comments?post=4"}],"version-history":[{"count":1,"href":"https:\/\/www.gebzevolkswagenservisi.com\/index.php\/wp-json\/wp\/v2\/pages\/4\/revisions"}],"predecessor-version":[{"id":5,"href":"https:\/\/www.gebzevolkswagenservisi.com\/index.php\/wp-json\/wp\/v2\/pages\/4\/revisions\/5"}],"wp:attachment":[{"href":"https:\/\/www.gebzevolkswagenservisi.com\/index.php\/wp-json\/wp\/v2\/media?parent=4"}],"curies":[{"name":"wp","href":"https:\/\/api.w.org\/{rel}","templated":true}]}}